{"id":2009,"date":"2026-02-10T11:45:38","date_gmt":"2026-02-10T10:45:38","guid":{"rendered":"https:\/\/motorr.inoby.eu\/mercedes\/?page_id=2009"},"modified":"2026-04-24T15:56:18","modified_gmt":"2026-04-24T13:56:18","slug":"vancentrum","status":"publish","type":"page","link":"https:\/\/motorr.sk\/mercedes\/vancentrum\/","title":{"rendered":"Vancentrum"},"content":{"rendered":"<div style=\"height: 20px;\" class=\"component-spacer-d\"><\/div>\n<div style=\"height: 10px;\" class=\"component-spacer-m\"><\/div>\n\n\n    <section class=\"component-search\">\n        <div class=\"container\">\n            <div class=\"row-wrap\">\n                <div class=\"filter-column\">\n                    <div class=\"filter-wrap\" style=\"background: url('https:\/\/motorr.sk\/mercedes\/wp-content\/uploads\/sites\/3\/2026\/03\/005DJI_20260128170504_0127_D.jpg');\">\n                                                    <h2 style=\"cursor: pointer;display:inline-block;\" onclick=\"window.location.href='https:\/\/motorr.sk\/mercedes\/car\/'\">\n                                Dostupn\u00e9 Vany                            <\/h2>\n                                                                            <p>\n                                N\u00e1jdite u n\u00e1s ide\u00e1lne vozidlo, ktor\u00e9 bude zodpoveda\u0165 Va\u0161im predstav\u00e1m a \u017eivotn\u00e9mu \u0161t\u00fdlu.                            <\/p>\n                                                <form id=\"car-filter-shortcode-form\" action=\"https:\/\/motorr.sk\/mercedes\/car\/\" method=\"get\" style=\"display: flex; flex-wrap: wrap; gap: 1rem; align-items: flex-end;\">\n                                                            <input type=\"hidden\" name=\"tax_typ_vozidla[]\" value=\"523\">\n                                                        <div class=\"selects-wrap\">\n                                <div>\n                                    <label for=\"shortcode-stav\">Stav vozidla<\/label>\n                                    <select name=\"tax_stav[]\" id=\"shortcode-stav\" style=\"min-width: 180px;\">\n                                        <option disabled selected value><\/option>\n                                                                                    <option value=\"3540\">Nov\u00e9<\/option>\n                                                                                    <option value=\"3542\">Predv\u00e1dzacie<\/option>\n                                                                                    <option value=\"3541\">Jazden\u00e9<\/option>\n                                                                                    <option value=\"5939\">Komision\u00e1lny predaj<\/option>\n                                                                            <\/select>\n                                <\/div>\n                                <div>\n                                    <label for=\"shortcode-trieda\">Trieda<\/label>\n                                    <select name=\"tax_trieda[]\" id=\"shortcode-trieda\" style=\"min-width: 180px;\">\n                                        <option disabled selected value><\/option>\n                                                                                    <option value=\"3514\">Citan<\/option>\n                                                                                    <option value=\"3513\">eCitan<\/option>\n                                                                                    <option value=\"3515\">EQV<\/option>\n                                                                                    <option value=\"3520\">eSprinter<\/option>\n                                                                                    <option value=\"3518\">eVito<\/option>\n                                                                                    <option value=\"3521\">Sprinter<\/option>\n                                                                                    <option value=\"3559\">Sprinter Skri\u0148ov\u00e9 vozidlo<\/option>\n                                                                                    <option value=\"3512\">T<\/option>\n                                                                                    <option value=\"3516\">V<\/option>\n                                                                                    <option value=\"3519\">Vito<\/option>\n                                                                            <\/select>\n                                <\/div>\n                                <div>\n                                    <label for=\"shortcode-karoseria\">Typ vozidla<\/label>\n                                    <select name=\"tax_karoseria[]\" id=\"shortcode-karoseria\" style=\"min-width: 180px;\">\n                                        <option disabled selected value><\/option>\n                                                                                    <option value=\"3471\">Ve\u013ekopriestorov\u00e9<\/option>\n                                                                                    <option value=\"3554\">Ve\u013ekopriestorov\u00e9 vozidl\u00e1<\/option>\n                                                                            <\/select>\n                                <\/div>\n                            <\/div>\n                            <div class=\"buttons-wrap\">\n                                <div id=\"search-by-vin\" class=\"search-by-vin\" data-active=\"0\">\n                                    <a href=\"#0\" class=\"search-by-vin-link\">H\u013eada\u0165 pod\u013ea VIN\/ID<\/a>\n                                    <div class=\"search-by-vin-input-wrap\" hidden>\n                                        <label for=\"shortcode-vin-auftrag\">VIN\/ID<\/label>\n                                        <input\n                                            type=\"text\"\n                                            id=\"shortcode-vin-auftrag\"\n                                            name=\"vin_auftrag\"\n                                            value=\"\"\n                                            autocomplete=\"off\">\n                                    <\/div>\n                                <\/div>\n                                <div class=\"btn-form-wrap\">\n                                    <button type=\"submit\" class=\"button light\">\n                                        Vyh\u013eada\u0165 vozidl\u00e1                                    <\/button>\n                                    <button type=\"reset\" class=\"link\">\n                                        Resetova\u0165                                    <\/button>\n                                <\/div>\n                            <\/div>\n                        <\/form>\n                    <\/div>\n                <\/div>\n                <div class=\"filter-info-column\">\n                                            <h2>\n                            Servis Vanov                        <\/h2>\n                                                                <p>\n                            <p>Nechajte si skontrolova\u0165 va\u0161e vozidlo profesion\u00e1lmi v \u0161pecializovanom centre pre \u00fa\u017eitkov\u00e9 vozidl\u00e1.<\/p>\n<ul>\n<li>Bezplatn\u00e1 r\u00fdchla prehliadka<\/li>\n<li>Pr\u00e9miov\u00fd autorizovan\u00fd servis Mercedes-Benz<\/li>\n<li>Prezutie pneumat\u00edk<\/li>\n<li>Poistn\u00e9 udalosti &#8211; kompletn\u00e1 starostlivos\u0165<\/li>\n<li>Autoum\u00fdv\u00e1re\u0148<\/li>\n<li>Rie\u0161enie poistn\u00fdch udalost\u00ed<\/li>\n<\/ul>\n                        <\/p>\n                                                                                    <div class=\"button-wrap\">\n                            <a href=\"https:\/\/motorr.sk\/mercedes\/servis\/\" class=\"button button-outline\">\n                                Prejs\u0165 na servis                            <\/a>\n                        <\/div>\n                                    <\/div>\n            <\/div>\n        <\/div>\n    <\/section>\n\n\n<div style=\"height: 80px;\" class=\"component-spacer-d\"><\/div>\n<div style=\"height: 25px;\" class=\"component-spacer-m\"><\/div>\n\n\n  <section class=\"cta-grid\">\n    <div class=\"container\">\n      <div class=\"row\" style=\"justify-content: center;\">\n        <div class=\"col-10 col-md-12\">\n                      <h2 class=\"component-heading\">\n              Preh\u013ead aktu\u00e1lnych <br>pon\u00fak \u00fa\u017eitkov\u00fdch vozidiel            <\/h2>\n                    <div class=\"cta-grid-wrap-inner\"><div class=\"cta-section highlight\" style=\"background: center\/cover no-repeat url(https:\/\/motorr.sk\/mercedes\/wp-content\/uploads\/sites\/3\/2026\/03\/MB_V-Class_Premium_PerformanceMax_960x1200_SK_1-683x853.jpg);\"><h3>Trieda V PREMIUM<\/h3><p>Cenov\u00e9 zv\u00fdhodnenie a\u017e do v\u00fd\u0161ky 17 154 Eur s DPH a atrakt\u00edvnym \u00farokom 1,40% p.a. s bohatou v\u00fdbavou.<\/p><div class=\"button-wrap\"><button class=\"link link-sec\" onclick=\"openPopup()\">Zisti\u0165 viac<\/button><a class=\"link\" href=\"#0\">Dostupn\u00e9 vozidl\u00e1<\/a><\/div><div class=\"cta-grid-popup\" style=\"display:none;\"><div class=\"popup-content\"><button class=\"popup-close\" onclick=\"closePopup()\"><svg width=\"12\" height=\"12\" viewBox=\"0 0 12 12\" fill=\"none\" xmlns=\"http:\/\/www.w3.org\/2000\/svg\">\n<path d=\"M0 1.1L1.1 0L11.7 10.6L10.6 11.7L0 1.1Z\" fill=\"#0075D0\"\/>\n<path d=\"M10.6 0L11.7 1.1L1.1 11.7L0 10.6L10.6 0Z\" fill=\"#0075D0\"\/>\n<\/svg>\n<\/button><h3>Trieda V PREMIUM<\/h3><p>Servisn\u00e9 benefity navy\u0161e:<\/p>\r\n<ul>\r\n<li>bezplatn\u00fd servis 6r.\/160 000 km<\/li>\r\n<li>pred\u013a\u017een\u00e1 z\u00e1ruka 2+1 do 425 000 km<\/li>\r\n<li>slu\u017eba Mobilo<\/li>\r\n<\/ul><\/div><\/div><\/div><div class=\"cta-section \" style=\"background: center\/cover no-repeat url(https:\/\/motorr.sk\/mercedes\/wp-content\/uploads\/sites\/3\/2026\/03\/202511-zvyhodnena-edicia-premium-683x683.jpg);\"><h3>Zv\u00fdhodnen\u00e1 ed\u00edcia PREMIUM Citan a Vito<\/h3><p>Posu\u0148te va\u0161e podnikanie na vy\u0161\u0161iu \u00farove\u0148.<\/p><div class=\"button-wrap\"><button class=\"link link-sec\" onclick=\"openPopup()\">Zisti\u0165 viac<\/button><a class=\"link\" href=\"#0\">Dostupn\u00e9 vozidl\u00e1<\/a><\/div><\/div><div class=\"cta-section \" style=\"background: center\/cover no-repeat url(https:\/\/motorr.sk\/mercedes\/wp-content\/uploads\/sites\/3\/2026\/02\/premium-683x683.png);\"><h3>Ed\u00edcia PREMIUM<\/h3><p>Zv\u00fdhodnen\u00e1 cena u\u017e od 19 916 \u20ac bez DPH s bohatou v\u00fdbavou, atrakt\u00edvnym financovan\u00edm a servisn\u00fdmi benefitmi v cene vozidla.<\/p><div class=\"button-wrap\"><a class=\"link\" href=\"#0\">Zisti\u0165 viac<\/a><\/div><\/div><div class=\"cta-section \" style=\"background: center\/cover no-repeat url(https:\/\/motorr.sk\/mercedes\/wp-content\/uploads\/sites\/3\/2026\/02\/trieda-v-683x683.png);\"><h3>Trieda V<\/h3><p>Luxusn\u00fd komfort, pokro\u010dil\u00e1 technol\u00f3gia a v\u0161estrann\u00e9 sedadl\u00e1 s priestorom a\u017e pre \u00f4smich cestuj\u00facich.<\/p><div class=\"button-wrap\"><a class=\"link\" href=\"#0\">Zisti\u0165 viac<\/a><\/div><\/div><div class=\"cta-section \" style=\"background: center\/cover no-repeat url(https:\/\/motorr.sk\/mercedes\/wp-content\/uploads\/sites\/3\/2026\/02\/v-a-vito-683x683.png);\"><h3>Exkluz\u00edvna Trieda V a Vito ihne\u010f k odberu<\/h3><p>Zv\u00fdhodnen\u00e9 financovanie u\u017e od 369 \u20ac mesa\u010dne bez DPH s bohatou v\u00fdbavou a bezkonkuren\u010dn\u00fdmi servisn\u00fdmi benefitmi.<\/p><div class=\"button-wrap\"><a class=\"link\" href=\"#0\">Zisti\u0165 viac<\/a><\/div><\/div><\/div>        <\/div>\n      <\/div>\n    <\/div>\n  <\/section>\n  <script>\n    function openPopup() {\n      \/\/ Show the popup in same section as the button that was clicked\n      event.target.closest(\".cta-section\").querySelectorAll(\".cta-grid-popup\").forEach(popup => {\n        popup.style.display = \"block\";\n      });\n      \/\/body overflow hidden when popup is open\n      document.body.style.overflow = \"hidden\";\n    }\n\n    function closePopup() {\n      document.querySelectorAll(\".cta-grid-popup\").forEach(popup => {\n        popup.style.display = \"none\";\n        \/\/body overflow auto when popup is closed\n        document.body.style.overflow = \"auto\";\n      });\n    }\n  <\/script>\n\n\n<div style=\"height: 80px;\" class=\"component-spacer-d\"><\/div>\n<div style=\"height: 40px;\" class=\"component-spacer-m\"><\/div>\n\n\n<section class=\"text\">\n  <div class=\"container\">\n    <div class=\"row\">\n      <div class=\"col-12 text-wrap\">\n        <h2 style=\"text-align: center;max-width:480px;margin: 0 auto;\">V akom Vane budete hviezdi\u0165 najbli\u017e\u0161ie Vy?<\/h2>      <\/div>\n    <\/div>\n  <\/div>\n<\/section>\n\n\n<div style=\"height: 20px;\" class=\"component-spacer-d\"><\/div>\n<div style=\"height: 10px;\" class=\"component-spacer-m\"><\/div>\n\n\n  <section class=\"cars-carousel fade-in-section\">\n    <div class=\"container\" style=\"padding-right: 0;\">\n      <div class=\"row\">\n        <div class=\"col-12\">\n          <div class=\"motorr-cars-carousel\" id=\"cars-carousel-wrapper69ec9cad97abe\" data-infinite=\"1\" data-slides-lg=\"4\" data-slides-md=\"2\" data-slides-sm=\"1\" data-numslides=\"6\" data-spacing=\"0\" data-automatic=\"1\">\n            <div class=\"cars-carousel-wrap\"><div class=\"carousel-box\"  style=\"cursor: default;\"><h6>Valn\u00edk<\/h6><img decoding=\"async\" src=\"https:\/\/motorr.sk\/mercedes\/wp-content\/uploads\/sites\/3\/2026\/02\/valnik-683x384.png\" alt=\"\"><\/div><div class=\"carousel-box\"  style=\"cursor: default;\"><h6>Skri\u0148ov\u00e9<\/h6><img decoding=\"async\" src=\"https:\/\/motorr.sk\/mercedes\/wp-content\/uploads\/sites\/3\/2026\/02\/skrinovy-683x384.png\" alt=\"\"><\/div><div class=\"carousel-box\"  style=\"cursor: default;\"><h6>Tourer<\/h6><img decoding=\"async\" src=\"https:\/\/motorr.sk\/mercedes\/wp-content\/uploads\/sites\/3\/2026\/02\/tourer-683x384.png\" alt=\"\"><\/div><div class=\"carousel-box\"  style=\"cursor: default;\"><h6>Dvojkab\u00edna<\/h6><img decoding=\"async\" src=\"https:\/\/motorr.sk\/mercedes\/wp-content\/uploads\/sites\/3\/2026\/02\/dvojkabina-683x383.png\" alt=\"\"><\/div><div class=\"carousel-box\"  style=\"cursor: default;\"><h6>Jednokab\u00edna<\/h6><img decoding=\"async\" src=\"https:\/\/motorr.sk\/mercedes\/wp-content\/uploads\/sites\/3\/2026\/02\/jednokabina-683x384.png\" alt=\"\"><\/div><div class=\"carousel-box\"  style=\"cursor: default;\"><h6>Mixto<\/h6><img decoding=\"async\" src=\"https:\/\/motorr.sk\/mercedes\/wp-content\/uploads\/sites\/3\/2026\/02\/mixto-683x384.png\" alt=\"\"><\/div><div class=\"keen-arrows-wrapper\"><\/div><\/div>          <\/div>\n        <\/div>\n      <\/div>\n    <\/div>\n  <\/section>\n\n\n<div style=\"height: 80px;\" class=\"component-spacer-d\"><\/div>\n<div style=\"height: 25px;\" class=\"component-spacer-m\"><\/div>\n\n\n<section  class=\"car-contact-section\">\n  <div class=\"container\">\n    <div class=\"row\">\n      <div class=\"col-12 contact-main-wrap\">\n        <div class=\"main-contact\">\n          <h2>Kontakt<\/h2>\n                        <div class=\"dealer-contact\">\n                <h3 class=\"dealer-name\">\u017dilina<\/h3>\n                <div class=\"dealer-wrap\">\n                  <div class=\"dealer-main\">\n                                          <a href=\"tel:+421 41 701 0100\" class=\"dealer-phone\">+421 41 701 0100<\/a>\n                                                              <a href=\"mailto:info.zilina@motorr.sk\" class=\"dealer-email\">info.zilina@motorr.sk<\/a>\n                                      <\/div>\n                  <div class=\"dealer-address\">\n                                          <p class=\"dealer-address\">Rosinsk\u00e1 cesta 8446\/5 \r\n010 08 \u017dilina<\/p>\n                                      <\/div>\n                <\/div>\n              <\/div>\n                        <div class=\"dealer-contact\">\n                <h3 class=\"dealer-name\">Martin<\/h3>\n                <div class=\"dealer-wrap\">\n                  <div class=\"dealer-main\">\n                                          <a href=\"tel:+421 43 42 45 554\" class=\"dealer-phone\">+421 43 42 45 554<\/a>\n                                                              <a href=\"mailto:info.martin@motorr.sk\" class=\"dealer-email\">info.martin@motorr.sk<\/a>\n                                      <\/div>\n                  <div class=\"dealer-address\">\n                                          <p class=\"dealer-address\">Franc\u00fazskych partiz\u00e1nov 5831 \r\n036 08 Martin<\/p>\n                                      <\/div>\n                <\/div>\n              <\/div>\n                  <\/div>\n        <div id=\"contact-form\" class=\"contact-form-wrap\">\n          <h2>Nap\u00ed\u0161te n\u00e1m<\/h2>\n          \n<div class=\"wpcf7 no-js\" id=\"wpcf7-f162-o1\" lang=\"sk-SK\" dir=\"ltr\" data-wpcf7-id=\"162\">\n<div class=\"screen-reader-response\"><p role=\"status\" aria-live=\"polite\" aria-atomic=\"true\"><\/p> <ul><\/ul><\/div>\n<form action=\"\/mercedes\/wp-json\/wp\/v2\/pages\/2009#wpcf7-f162-o1\" method=\"post\" class=\"wpcf7-form init\" aria-label=\"Kontaktn\u00fd formul\u00e1r\" novalidate=\"novalidate\" data-status=\"init\">\n<fieldset class=\"hidden-fields-container\"><input type=\"hidden\" name=\"_wpcf7\" value=\"162\" \/><input type=\"hidden\" name=\"_wpcf7_version\" value=\"6.1.4\" \/><input type=\"hidden\" name=\"_wpcf7_locale\" value=\"sk_SK\" \/><input type=\"hidden\" name=\"_wpcf7_unit_tag\" value=\"wpcf7-f162-o1\" \/><input type=\"hidden\" name=\"_wpcf7_container_post\" value=\"0\" \/><input type=\"hidden\" name=\"_wpcf7_posted_data_hash\" value=\"\" \/>\n<\/fieldset>\n<div class=\"forminput full\">\n\t<p><label class=\"inplace-label\" for=\"your-name\">Meno a priezvisko<\/label><br \/>\n<span class=\"wpcf7-form-control-wrap\" data-name=\"your-name\"><input size=\"40\" maxlength=\"400\" class=\"wpcf7-form-control wpcf7-text wpcf7-validates-as-required\" autocomplete=\"name\" aria-required=\"true\" aria-invalid=\"false\" placeholder=\"Meno a priezvisko *\" value=\"\" type=\"text\" name=\"your-name\" \/><\/span>\n\t<\/p>\n<\/div>\n<div class=\"forminput half\">\n\t<p><label class=\"inplace-label\" for=\"your-email\">Email *<\/label><br \/>\n<span class=\"wpcf7-form-control-wrap\" data-name=\"your-email\"><input size=\"40\" maxlength=\"400\" class=\"wpcf7-form-control wpcf7-email wpcf7-validates-as-required wpcf7-text wpcf7-validates-as-email\" autocomplete=\"email\" aria-required=\"true\" aria-invalid=\"false\" placeholder=\"Email *\" value=\"\" type=\"email\" name=\"your-email\" \/><\/span>\n\t<\/p>\n<\/div>\n<div class=\"forminput half\">\n\t<p><label class=\"inplace-label\" for=\"your-tel\">Telef\u00f3nne \u010d\u00edslo<\/label><br \/>\n<span class=\"wpcf7-form-control-wrap\" data-name=\"your-tel\"><input size=\"40\" maxlength=\"400\" class=\"wpcf7-form-control wpcf7-tel wpcf7-text wpcf7-validates-as-tel\" autocomplete=\"tel\" aria-invalid=\"false\" placeholder=\"Telef\u00f3nne \u010d\u00edslo\" value=\"\" type=\"tel\" name=\"your-tel\" \/><\/span>\n\t<\/p>\n<\/div>\n<div class=\"forminput full\">\n\t<p><label class=\"inplace-label\" for=\"your-message\">Pozn\u00e1mka<\/label><br \/>\n<span class=\"wpcf7-form-control-wrap\" data-name=\"your-message\"><textarea cols=\"40\" rows=\"3\" maxlength=\"2000\" class=\"wpcf7-form-control wpcf7-textarea\" aria-invalid=\"false\" placeholder=\"Pozn\u00e1mka\" name=\"your-message\"><\/textarea><\/span>\n\t<\/p>\n<\/div>\n<div class=\"forminput full\">\n\t<p><small>Ozna\u010den\u00edm &#8222;S\u00fahlas\u00edm so spracovan\u00edm osobn\u00fdch \u00fadajov&#8220; d\u00e1vam s\u00fahlas na zasielanie pozv\u00e1nok na predv\u00e1dzacie jazdy, autosal\u00f3ny a in\u00e9 podobn\u00e9 podujatia. Z\u00e1rove\u0148 m\u00e1m z\u00e1ujem o z\u00edskavanie inform\u00e1ci\u00ed o novink\u00e1ch zo sveta motorizmu, \u0161peci\u00e1lnych ponuk\u00e1ch alebo zv\u00fdhodneniach, predstaveniach nov\u00fdch modelov, zasielaniach newsletterov a marketingov\u00fdch aktiv\u00edt pre klientov t\u00fdkaj\u00facich sa predaja, popredajn\u00fdch a in\u00fdch poskytovan\u00fdch slu\u017eieb.<\/small>\n\t<\/p>\n<\/div>\n<div class=\"forminput full\">\n\t<p><span class=\"wpcf7-form-control-wrap\" data-name=\"acceptance-430\"><span class=\"wpcf7-form-control wpcf7-acceptance\"><span class=\"wpcf7-list-item\"><label><input type=\"checkbox\" name=\"acceptance-430\" value=\"1\" aria-invalid=\"false\" \/><span class=\"wpcf7-list-item-label\">S\u00fahlas\u00edm so <a href=\"https:\/\/motorr.sk\/mercedes\/ochrana-osobnych-udajov\/\" target=\"_blank\">spracovan\u00edm osobn\u00fdch \u00fadajov<\/a><\/span><\/label><\/span><\/span><\/span>\n\t<\/p>\n<\/div>\n<div class=\"forminput full\">\n\t<p><input class=\"wpcf7-form-control wpcf7-submit has-spinner\" type=\"submit\" value=\"Odosla\u0165 dopyt\" \/>\n\t<\/p>\n<\/div><div class=\"wpcf7-response-output\" aria-hidden=\"true\"><\/div>\n<\/form>\n<\/div>\n        <\/div>\n      <\/div>\n    <\/div>\n  <\/div>\n<\/section>","protected":false},"excerpt":{"rendered":"","protected":false},"author":1,"featured_media":0,"parent":0,"menu_order":0,"comment_status":"closed","ping_status":"closed","template":"","meta":{"inline_featured_image":false,"footnotes":""},"class_list":["post-2009","page","type-page","status-publish","hentry"],"yoast_head":"<!-- This site is optimized with the Yoast SEO plugin v26.7 - https:\/\/yoast.com\/wordpress\/plugins\/seo\/ -->\n<title>Vancentrum - Mercedes-Benz<\/title>\n<meta name=\"robots\" content=\"index, follow, max-snippet:-1, max-image-preview:large, max-video-preview:-1\" \/>\n<link rel=\"canonical\" href=\"https:\/\/motorr.sk\/mercedes\/vancentrum\/\" \/>\n<meta property=\"og:locale\" content=\"sk_SK\" \/>\n<meta property=\"og:type\" content=\"article\" \/>\n<meta property=\"og:title\" content=\"Vancentrum - Mercedes-Benz\" \/>\n<meta property=\"og:url\" content=\"https:\/\/motorr.sk\/mercedes\/vancentrum\/\" \/>\n<meta property=\"og:site_name\" content=\"Mercedes-Benz\" \/>\n<meta property=\"article:modified_time\" content=\"2026-04-24T13:56:18+00:00\" \/>\n<meta name=\"twitter:card\" content=\"summary_large_image\" \/>\n<script type=\"application\/ld+json\" class=\"yoast-schema-graph\">{\"@context\":\"https:\/\/schema.org\",\"@graph\":[{\"@type\":\"WebPage\",\"@id\":\"https:\/\/motorr.sk\/mercedes\/vancentrum\/\",\"url\":\"https:\/\/motorr.sk\/mercedes\/vancentrum\/\",\"name\":\"Vancentrum - Mercedes-Benz\",\"isPartOf\":{\"@id\":\"https:\/\/motorr.sk\/mercedes\/#website\"},\"datePublished\":\"2026-02-10T10:45:38+00:00\",\"dateModified\":\"2026-04-24T13:56:18+00:00\",\"breadcrumb\":{\"@id\":\"https:\/\/motorr.sk\/mercedes\/vancentrum\/#breadcrumb\"},\"inLanguage\":\"sk-SK\",\"potentialAction\":[{\"@type\":\"ReadAction\",\"target\":[\"https:\/\/motorr.sk\/mercedes\/vancentrum\/\"]}]},{\"@type\":\"BreadcrumbList\",\"@id\":\"https:\/\/motorr.sk\/mercedes\/vancentrum\/#breadcrumb\",\"itemListElement\":[{\"@type\":\"ListItem\",\"position\":1,\"name\":\"Hlavn\u00e1 str\u00e1nka\",\"item\":\"https:\/\/motorr.sk\/mercedes\/\"},{\"@type\":\"ListItem\",\"position\":2,\"name\":\"Vancentrum\"}]},{\"@type\":\"WebSite\",\"@id\":\"https:\/\/motorr.sk\/mercedes\/#website\",\"url\":\"https:\/\/motorr.sk\/mercedes\/\",\"name\":\"Mercedes-Benz\",\"description\":\"\",\"potentialAction\":[{\"@type\":\"SearchAction\",\"target\":{\"@type\":\"EntryPoint\",\"urlTemplate\":\"https:\/\/motorr.sk\/mercedes\/?s={search_term_string}\"},\"query-input\":{\"@type\":\"PropertyValueSpecification\",\"valueRequired\":true,\"valueName\":\"search_term_string\"}}],\"inLanguage\":\"sk-SK\"}]}<\/script>\n<!-- \/ Yoast SEO plugin. -->","yoast_head_json":{"title":"Vancentrum - Mercedes-Benz","robots":{"index":"index","follow":"follow","max-snippet":"max-snippet:-1","max-image-preview":"max-image-preview:large","max-video-preview":"max-video-preview:-1"},"canonical":"https:\/\/motorr.sk\/mercedes\/vancentrum\/","og_locale":"sk_SK","og_type":"article","og_title":"Vancentrum - Mercedes-Benz","og_url":"https:\/\/motorr.sk\/mercedes\/vancentrum\/","og_site_name":"Mercedes-Benz","article_modified_time":"2026-04-24T13:56:18+00:00","twitter_card":"summary_large_image","schema":{"@context":"https:\/\/schema.org","@graph":[{"@type":"WebPage","@id":"https:\/\/motorr.sk\/mercedes\/vancentrum\/","url":"https:\/\/motorr.sk\/mercedes\/vancentrum\/","name":"Vancentrum - Mercedes-Benz","isPartOf":{"@id":"https:\/\/motorr.sk\/mercedes\/#website"},"datePublished":"2026-02-10T10:45:38+00:00","dateModified":"2026-04-24T13:56:18+00:00","breadcrumb":{"@id":"https:\/\/motorr.sk\/mercedes\/vancentrum\/#breadcrumb"},"inLanguage":"sk-SK","potentialAction":[{"@type":"ReadAction","target":["https:\/\/motorr.sk\/mercedes\/vancentrum\/"]}]},{"@type":"BreadcrumbList","@id":"https:\/\/motorr.sk\/mercedes\/vancentrum\/#breadcrumb","itemListElement":[{"@type":"ListItem","position":1,"name":"Hlavn\u00e1 str\u00e1nka","item":"https:\/\/motorr.sk\/mercedes\/"},{"@type":"ListItem","position":2,"name":"Vancentrum"}]},{"@type":"WebSite","@id":"https:\/\/motorr.sk\/mercedes\/#website","url":"https:\/\/motorr.sk\/mercedes\/","name":"Mercedes-Benz","description":"","potentialAction":[{"@type":"SearchAction","target":{"@type":"EntryPoint","urlTemplate":"https:\/\/motorr.sk\/mercedes\/?s={search_term_string}"},"query-input":{"@type":"PropertyValueSpecification","valueRequired":true,"valueName":"search_term_string"}}],"inLanguage":"sk-SK"}]}},"card_html":"","_links":{"self":[{"href":"https:\/\/motorr.sk\/mercedes\/wp-json\/wp\/v2\/pages\/2009","targetHints":{"allow":["GET"]}}],"collection":[{"href":"https:\/\/motorr.sk\/mercedes\/wp-json\/wp\/v2\/pages"}],"about":[{"href":"https:\/\/motorr.sk\/mercedes\/wp-json\/wp\/v2\/types\/page"}],"author":[{"embeddable":true,"href":"https:\/\/motorr.sk\/mercedes\/wp-json\/wp\/v2\/users\/1"}],"replies":[{"embeddable":true,"href":"https:\/\/motorr.sk\/mercedes\/wp-json\/wp\/v2\/comments?post=2009"}],"version-history":[{"count":12,"href":"https:\/\/motorr.sk\/mercedes\/wp-json\/wp\/v2\/pages\/2009\/revisions"}],"predecessor-version":[{"id":5661,"href":"https:\/\/motorr.sk\/mercedes\/wp-json\/wp\/v2\/pages\/2009\/revisions\/5661"}],"wp:attachment":[{"href":"https:\/\/motorr.sk\/mercedes\/wp-json\/wp\/v2\/media?parent=2009"}],"curies":[{"name":"wp","href":"https:\/\/api.w.org\/{rel}","templated":true}]}}