{"id":224,"date":"2026-01-13T14:00:15","date_gmt":"2026-01-13T13:00:15","guid":{"rendered":"https:\/\/motorr.inoby.eu\/mercedes\/?page_id=224"},"modified":"2026-04-02T16:06:29","modified_gmt":"2026-04-02T14:06:29","slug":"kontakt","status":"publish","type":"page","link":"https:\/\/motorr.sk\/mercedes\/kontakt\/","title":{"rendered":"Kontakt"},"content":{"rendered":"<div style=\"height: 40px;\" class=\"component-spacer-d\"><\/div>\n<div style=\"height: 25px;\" class=\"component-spacer-m\"><\/div>\n\n\n<section class=\"component-group\">\n  <div style=\"max-width: 1100px; margin: 0 auto;\" class=\"group-inner\">\n    \n<section class=\"text\">\n  <div class=\"container\">\n    <div class=\"row\">\n      <div class=\"col-12 text-wrap\">\n        <h1 style=\"text-align: left;\">Kontakt<\/h1>      <\/div>\n    <\/div>\n  <\/div>\n<\/section>\n\n\n<section class=\"opening-hours-section fade-in-section\">\n  <div class=\"container\">\n    <div class=\"row\">\n      <div class=\"col-12 col-md-12\">\n                <div class=\"section-wrap opening-hours\">\n          <h4>Otv\u00e1racie hodiny<\/h4><h6>Predaj vozidiel<\/h6><ul class=\"opening-hours-sellers\"><li><span class=\"day\">Pondelok &#8211; Piatok:<\/span><span class=\"time\">8:00 &#8211; 17:00<\/span><\/li><li><span class=\"day\">Sobota:<\/span><span class=\"time\">8:00 &#8211; 12:00 (po dohode)<\/span><\/li><li><span class=\"day\">Nede\u013ea a sviatky:<\/span><span class=\"time\">zatvoren\u00e9<\/span><\/li><\/ul><h6>Servis vozidiel<\/h6><ul class=\"opening-hours-service\"><li><span class=\"day\">Pondelok &#8211; Piatok:<\/span><span class=\"time\">7:30 &#8211; 17:00<\/span><\/li><li><span class=\"day\">V\u00edkendy a sviatky:<\/span><span class=\"time\">zatvoren\u00e9<\/span><\/li><\/ul>        <\/div>\n        <div class=\"section-wrap section-predajne\"><h4>\u017dilina<\/h4><ul><li><span class=\"label\">Recepcia:<\/span><span class=\"value\"><a href=\"tel:+421 41 701 0100\">+421 41 701 0100<\/a><\/span><\/li><li><span class=\"value\"><a href=\"mailto:info.zilina@motorr.sk\">info.zilina@motorr.sk<\/a><\/span><\/li><li class=\"divider\"><\/li><li><span class=\"label\">Predaj vozidiel:<\/span><span class=\"value\"><a href=\"tel:+421 41 7010 100\">+421 41 7010 100<\/a><\/span><\/li><li><span class=\"label\">Servisn\u00e9 slu\u017eby:<\/span><span class=\"value\"><a href=\"tel:+421 41 7010 108\">+421 41 7010 108<\/a><\/span><\/li><li><span class=\"label\">Predaj n\u00e1hradn\u00fdch dielov:<\/span><span class=\"value\"><a href=\"tel:+421 41 7010 109\">+421 41 7010 109<\/a><\/span><\/li><li><span class=\"label\">24 hod. servis:<\/span><span class=\"value\"><a href=\"tel:+421 2 501 02601\">+421 2 501 02601<\/a><\/span><\/li><li class=\"divider\"><\/li><li><span class=\"label\">Rosinsk\u00e1 cesta 8446\/5 \r\n010 08 \u017dilina<\/span><span class=\"value\"><a target=\"_blank\" href=\"https:\/\/www.google.com\/maps\/place\/Motorr+ilina,+s.+r.+o.\/@49.203826,18.770943,15z\/data=!4m5!3m4!1s0x0:0x28bda1614eec508a!8m2!3d49.2038527!4d18.7707478?hl=sk\">Navigova\u0165<\/a><\/span><\/li><\/ul><\/div><div class=\"section-wrap section-predajne\"><h4>Martin<\/h4><ul><li><span class=\"label\">Recepcia:<\/span><span class=\"value\"><a href=\"tel:+421 43 42 45 554\">+421 43 42 45 554<\/a><\/span><\/li><li><span class=\"value\"><a href=\"mailto:info.martin@motorr.sk\">info.martin@motorr.sk<\/a><\/span><\/li><li class=\"divider\"><\/li><li><span class=\"label\">Predaj vozidiel:<\/span><span class=\"value\"><a href=\"tel:+421 43 42 45 554\">+421 43 42 45 554<\/a><\/span><\/li><li><span class=\"label\">Servisn\u00e9 slu\u017eby:<\/span><span class=\"value\"><a href=\"tel:+421 43 42 45 551\">+421 43 42 45 551<\/a><\/span><\/li><li><span class=\"label\">Predaj n\u00e1hradn\u00fdch dielov:<\/span><span class=\"value\"><a href=\"tel:+421 43 42 45 557\">+421 43 42 45 557<\/a><\/span><\/li><li><span class=\"label\">24 hod. servis:<\/span><span class=\"value\"><a href=\"tel:+421 2 501 02601\">+421 2 501 02601<\/a><\/span><\/li><li class=\"divider\"><\/li><li><span class=\"label\">Franc\u00fazskych partiz\u00e1nov 5831 \r\n036 08 Martin<\/span><span class=\"value\"><a target=\"_blank\" href=\"https:\/\/www.google.com\/maps\/place\/Motorr+Martin,+s.r.o.+Mercedes-Benz,+Franczskych+partiznov+5831,+036+08+Martin-Zturie\/@49.098482,18.9192096,17z\/data=!4m9!4m8!1m0!1m5!1m1!1s0x4714feddb80b6d01:0x813f6056f8c0713f!2m2!1d18.9213986!2d49.0984921!3e0?hl=sk\">Navigova\u0165<\/a><\/span><\/li><\/ul><\/div>      <\/div>\n    <\/div>\n  <\/div>\n<\/section>\n\n  <\/div>\n<\/section>\n\n<div style=\"height: 80px;\" class=\"component-spacer-d\"><\/div>\n<div style=\"height: 25px;\" class=\"component-spacer-m\"><\/div>\n\n\n  <section class=\"component-cta-box\">\n    <div class=\"container\">\n      <div class=\"row\">\n        <div class=\"col-12\">\n          <div class=\"cta-box \" style=\"background: center\/cover no-repeat url('https:\/\/motorr.sk\/mercedes\/wp-content\/uploads\/sites\/3\/2026\/03\/1-1366x910.webp');\">\n            <div class=\"cta-box-content\">\n              <div class=\"content-wrap\">\n                <h2>Otvorili sme nov\u00fd showroom v Martine<\/h2>\n                <p>Radi v\u00e1s priv\u00edtame v \u00faplne novom showroome v Martine<\/p>\n              <\/div>\n              <div class=\"buttons-wrap\">                  <a href=\"https:\/\/www.youtube.com\/watch?v=SzH5MY2-R94\" target=\"_self\" class=\"button light\">Pozrie\u0165 video z otvorenia<\/a>\n              <\/div>            <\/div>\n          <\/div>\n        <\/div>\n      <\/div>\n    <\/div>\n  <\/section>\n\n\n<div style=\"height: 80px;\" class=\"component-spacer-d\"><\/div>\n<div style=\"height: 25px;\" class=\"component-spacer-m\"><\/div>\n\n\n<section class=\"component-group\">\n  <div style=\"max-width: 850px; margin: 0 auto;\" class=\"group-inner\">\n    \n<section class=\"text\">\n  <div class=\"container\">\n    <div class=\"row\">\n      <div class=\"col-12 text-wrap\">\n        <h2 style=\"text-align: left;\">Nap\u00ed\u0161te n\u00e1m<\/h2>      <\/div>\n    <\/div>\n  <\/div>\n<\/section>\n\n\n<div style=\"height: 40px;\" class=\"component-spacer-d\"><\/div>\n<div style=\"height: 20px;\" class=\"component-spacer-m\"><\/div>\n\n\n  <section class=\"component-contact-form\">\n    <div class=\"container\">\n      <div class=\"row\">\n        <div class=\"col-12\">\n          <div class=\"component-contact-form-wrap\">\n            \n<div class=\"wpcf7 no-js\" id=\"wpcf7-f225-o1\" lang=\"sk-SK\" dir=\"ltr\" data-wpcf7-id=\"225\">\n<div class=\"screen-reader-response\"><p role=\"status\" aria-live=\"polite\" aria-atomic=\"true\"><\/p> <ul><\/ul><\/div>\n<form action=\"\/mercedes\/wp-json\/wp\/v2\/pages\/224#wpcf7-f225-o1\" method=\"post\" class=\"wpcf7-form init\" aria-label=\"Kontaktn\u00fd formul\u00e1r\" novalidate=\"novalidate\" data-status=\"init\">\n<fieldset class=\"hidden-fields-container\"><input type=\"hidden\" name=\"_wpcf7\" value=\"225\" \/><input type=\"hidden\" name=\"_wpcf7_version\" value=\"6.1.4\" \/><input type=\"hidden\" name=\"_wpcf7_locale\" value=\"sk_SK\" \/><input type=\"hidden\" name=\"_wpcf7_unit_tag\" value=\"wpcf7-f225-o1\" \/><input type=\"hidden\" name=\"_wpcf7_container_post\" value=\"0\" \/><input type=\"hidden\" name=\"_wpcf7_posted_data_hash\" value=\"\" \/>\n<\/fieldset>\n<div class=\"forminput half\">\n\t<p><label class=\"inplace-label\" for=\"your-name\">Meno *<\/label><br \/>\n<span class=\"wpcf7-form-control-wrap\" data-name=\"your-name\"><input size=\"40\" maxlength=\"400\" class=\"wpcf7-form-control wpcf7-text wpcf7-validates-as-required\" autocomplete=\"name\" aria-required=\"true\" aria-invalid=\"false\" placeholder=\"Meno *\" value=\"\" type=\"text\" name=\"your-name\" \/><\/span>\n\t<\/p>\n<\/div>\n<div class=\"forminput half\">\n\t<p><label class=\"inplace-label\" for=\"your-surname\">Priezvisko *<\/label><br \/>\n<span class=\"wpcf7-form-control-wrap\" data-name=\"your-surname\"><input size=\"40\" maxlength=\"400\" class=\"wpcf7-form-control wpcf7-text wpcf7-validates-as-required\" autocomplete=\"name\" aria-required=\"true\" aria-invalid=\"false\" placeholder=\"Priezvisko *\" value=\"\" type=\"text\" name=\"your-surname\" \/><\/span>\n\t<\/p>\n<\/div>\n<div class=\"forminput half\">\n\t<p><label class=\"inplace-label\" for=\"your-email\">Email *<\/label><br \/>\n<span class=\"wpcf7-form-control-wrap\" data-name=\"your-email\"><input size=\"40\" maxlength=\"400\" class=\"wpcf7-form-control wpcf7-email wpcf7-validates-as-required wpcf7-text wpcf7-validates-as-email\" autocomplete=\"email\" aria-required=\"true\" aria-invalid=\"false\" placeholder=\"Email *\" value=\"\" type=\"email\" name=\"your-email\" \/><\/span>\n\t<\/p>\n<\/div>\n<div class=\"forminput half\">\n\t<p><label class=\"inplace-label\" for=\"your-subject\">Predmet spr\u00e1vy<\/label><br \/>\n<span class=\"wpcf7-form-control-wrap\" data-name=\"your-subject\"><input size=\"40\" maxlength=\"400\" class=\"wpcf7-form-control wpcf7-text\" autocomplete=\"tel\" aria-invalid=\"false\" placeholder=\"Predmet spr\u00e1vy\" value=\"\" type=\"text\" name=\"your-subject\" \/><\/span>\n\t<\/p>\n<\/div>\n<div class=\"forminput full\">\n\t<p><label class=\"inplace-label\" for=\"your-message\">Pozn\u00e1mka<\/label><br \/>\n<span class=\"wpcf7-form-control-wrap\" data-name=\"your-message\"><textarea cols=\"40\" rows=\"3\" maxlength=\"2000\" class=\"wpcf7-form-control wpcf7-textarea\" aria-invalid=\"false\" placeholder=\"Pozn\u00e1mka\" name=\"your-message\"><\/textarea><\/span>\n\t<\/p>\n<\/div>\n<div class=\"forminput full\">\n<\/div>\n<div class=\"forminput full\">\n\t<p><span class=\"wpcf7-form-control-wrap\" data-name=\"acceptance-430\"><span class=\"wpcf7-form-control wpcf7-acceptance\"><span class=\"wpcf7-list-item\"><label><input type=\"checkbox\" name=\"acceptance-430\" value=\"1\" aria-invalid=\"false\" \/><span class=\"wpcf7-list-item-label\">S\u00fahlas\u00edm so <a href=\"https:\/\/motorr.sk\/mercedes\/ochrana-osobnych-udajov\/\" target=\"_blank\">spracovan\u00edm osobn\u00fdch \u00fadajov<\/a><\/span><\/label><\/span><\/span><\/span>\n\t<\/p>\n<\/div>\n<div class=\"forminput full\">\n\t<p><input class=\"wpcf7-form-control wpcf7-submit has-spinner\" type=\"submit\" value=\"Odosla\u0165 spr\u00e1vu\" \/>\n\t<\/p>\n<\/div><div class=\"wpcf7-response-output\" aria-hidden=\"true\"><\/div>\n<\/form>\n<\/div>\n          <\/div>\n        <\/div>\n      <\/div>\n    <\/div>\n  <\/section>\n\n\n  <\/div>\n<\/section>\n\n<div style=\"height: 80px;\" class=\"component-spacer-d\"><\/div>\n<div style=\"height: 25px;\" class=\"component-spacer-m\"><\/div>\n\n\n  <section class=\"component-wysiwyg\">\n    <div class=\"container\">\n      <div class=\"row\">\n      <div class=\"col-12\">\n          <p><iframe src=\"https:\/\/www.google.com\/maps\/embed?pb=!1m18!1m12!1m3!1d2908.9285601898646!2d18.768439276613645!3d49.203699776343996!2m3!1f0!2f0!3f0!3m2!1i1024!2i768!4f13.1!3m3!1m2!1s0x47145943da1ffd0d%3A0x28bda1614eec508a!2sMotorr%20%C5%BDilina%2C%20s.%20r.%20o.!5e1!3m2!1ssk!2ssk!4v1768302588357!5m2!1ssk!2ssk\" width=\"100%\" height=\"530\" style=\"border:0;\" allowfullscreen=\"\" loading=\"lazy\" referrerpolicy=\"no-referrer-when-downgrade\"><\/iframe><\/p>\n      <\/div>\n      <\/div>\n    <\/div>\n  <\/section>\n\n\n<div style=\"height: 80px;\" class=\"component-spacer-d\"><\/div>\n<div style=\"height: 25px;\" class=\"component-spacer-m\"><\/div>\n","protected":false},"excerpt":{"rendered":"","protected":false},"author":1,"featured_media":0,"parent":0,"menu_order":0,"comment_status":"closed","ping_status":"closed","template":"","meta":{"inline_featured_image":false,"footnotes":""},"class_list":["post-224","page","type-page","status-publish","hentry"],"yoast_head":"<!-- This site is optimized with the Yoast SEO plugin v26.7 - https:\/\/yoast.com\/wordpress\/plugins\/seo\/ -->\n<title>Kontakt - Mercedes-Benz<\/title>\n<meta name=\"robots\" content=\"index, follow, max-snippet:-1, max-image-preview:large, max-video-preview:-1\" \/>\n<link rel=\"canonical\" href=\"https:\/\/motorr.sk\/mercedes\/kontakt\/\" \/>\n<meta property=\"og:locale\" content=\"sk_SK\" \/>\n<meta property=\"og:type\" content=\"article\" \/>\n<meta property=\"og:title\" content=\"Kontakt - Mercedes-Benz\" \/>\n<meta property=\"og:url\" content=\"https:\/\/motorr.sk\/mercedes\/kontakt\/\" \/>\n<meta property=\"og:site_name\" content=\"Mercedes-Benz\" \/>\n<meta property=\"article:modified_time\" content=\"2026-04-02T14:06:29+00:00\" \/>\n<meta name=\"twitter:card\" content=\"summary_large_image\" \/>\n<script type=\"application\/ld+json\" class=\"yoast-schema-graph\">{\"@context\":\"https:\/\/schema.org\",\"@graph\":[{\"@type\":\"WebPage\",\"@id\":\"https:\/\/motorr.sk\/mercedes\/kontakt\/\",\"url\":\"https:\/\/motorr.sk\/mercedes\/kontakt\/\",\"name\":\"Kontakt - Mercedes-Benz\",\"isPartOf\":{\"@id\":\"https:\/\/motorr.sk\/mercedes\/#website\"},\"datePublished\":\"2026-01-13T13:00:15+00:00\",\"dateModified\":\"2026-04-02T14:06:29+00:00\",\"breadcrumb\":{\"@id\":\"https:\/\/motorr.sk\/mercedes\/kontakt\/#breadcrumb\"},\"inLanguage\":\"sk-SK\",\"potentialAction\":[{\"@type\":\"ReadAction\",\"target\":[\"https:\/\/motorr.sk\/mercedes\/kontakt\/\"]}]},{\"@type\":\"BreadcrumbList\",\"@id\":\"https:\/\/motorr.sk\/mercedes\/kontakt\/#breadcrumb\",\"itemListElement\":[{\"@type\":\"ListItem\",\"position\":1,\"name\":\"Hlavn\u00e1 str\u00e1nka\",\"item\":\"https:\/\/motorr.sk\/mercedes\/\"},{\"@type\":\"ListItem\",\"position\":2,\"name\":\"Kontakt\"}]},{\"@type\":\"WebSite\",\"@id\":\"https:\/\/motorr.sk\/mercedes\/#website\",\"url\":\"https:\/\/motorr.sk\/mercedes\/\",\"name\":\"Mercedes-Benz\",\"description\":\"\",\"potentialAction\":[{\"@type\":\"SearchAction\",\"target\":{\"@type\":\"EntryPoint\",\"urlTemplate\":\"https:\/\/motorr.sk\/mercedes\/?s={search_term_string}\"},\"query-input\":{\"@type\":\"PropertyValueSpecification\",\"valueRequired\":true,\"valueName\":\"search_term_string\"}}],\"inLanguage\":\"sk-SK\"}]}<\/script>\n<!-- \/ Yoast SEO plugin. -->","yoast_head_json":{"title":"Kontakt - Mercedes-Benz","robots":{"index":"index","follow":"follow","max-snippet":"max-snippet:-1","max-image-preview":"max-image-preview:large","max-video-preview":"max-video-preview:-1"},"canonical":"https:\/\/motorr.sk\/mercedes\/kontakt\/","og_locale":"sk_SK","og_type":"article","og_title":"Kontakt - Mercedes-Benz","og_url":"https:\/\/motorr.sk\/mercedes\/kontakt\/","og_site_name":"Mercedes-Benz","article_modified_time":"2026-04-02T14:06:29+00:00","twitter_card":"summary_large_image","schema":{"@context":"https:\/\/schema.org","@graph":[{"@type":"WebPage","@id":"https:\/\/motorr.sk\/mercedes\/kontakt\/","url":"https:\/\/motorr.sk\/mercedes\/kontakt\/","name":"Kontakt - Mercedes-Benz","isPartOf":{"@id":"https:\/\/motorr.sk\/mercedes\/#website"},"datePublished":"2026-01-13T13:00:15+00:00","dateModified":"2026-04-02T14:06:29+00:00","breadcrumb":{"@id":"https:\/\/motorr.sk\/mercedes\/kontakt\/#breadcrumb"},"inLanguage":"sk-SK","potentialAction":[{"@type":"ReadAction","target":["https:\/\/motorr.sk\/mercedes\/kontakt\/"]}]},{"@type":"BreadcrumbList","@id":"https:\/\/motorr.sk\/mercedes\/kontakt\/#breadcrumb","itemListElement":[{"@type":"ListItem","position":1,"name":"Hlavn\u00e1 str\u00e1nka","item":"https:\/\/motorr.sk\/mercedes\/"},{"@type":"ListItem","position":2,"name":"Kontakt"}]},{"@type":"WebSite","@id":"https:\/\/motorr.sk\/mercedes\/#website","url":"https:\/\/motorr.sk\/mercedes\/","name":"Mercedes-Benz","description":"","potentialAction":[{"@type":"SearchAction","target":{"@type":"EntryPoint","urlTemplate":"https:\/\/motorr.sk\/mercedes\/?s={search_term_string}"},"query-input":{"@type":"PropertyValueSpecification","valueRequired":true,"valueName":"search_term_string"}}],"inLanguage":"sk-SK"}]}},"card_html":"","_links":{"self":[{"href":"https:\/\/motorr.sk\/mercedes\/wp-json\/wp\/v2\/pages\/224","targetHints":{"allow":["GET"]}}],"collection":[{"href":"https:\/\/motorr.sk\/mercedes\/wp-json\/wp\/v2\/pages"}],"about":[{"href":"https:\/\/motorr.sk\/mercedes\/wp-json\/wp\/v2\/types\/page"}],"author":[{"embeddable":true,"href":"https:\/\/motorr.sk\/mercedes\/wp-json\/wp\/v2\/users\/1"}],"replies":[{"embeddable":true,"href":"https:\/\/motorr.sk\/mercedes\/wp-json\/wp\/v2\/comments?post=224"}],"version-history":[{"count":4,"href":"https:\/\/motorr.sk\/mercedes\/wp-json\/wp\/v2\/pages\/224\/revisions"}],"predecessor-version":[{"id":3547,"href":"https:\/\/motorr.sk\/mercedes\/wp-json\/wp\/v2\/pages\/224\/revisions\/3547"}],"wp:attachment":[{"href":"https:\/\/motorr.sk\/mercedes\/wp-json\/wp\/v2\/media?parent=224"}],"curies":[{"name":"wp","href":"https:\/\/api.w.org\/{rel}","templated":true}]}}