{"id":3362,"date":"2026-03-30T14:03:00","date_gmt":"2026-03-30T12:03:00","guid":{"rendered":"https:\/\/motorr.sk\/mercedes\/?page_id=3362"},"modified":"2026-03-31T13:26:26","modified_gmt":"2026-03-31T11:26:26","slug":"zvyhodnene_ponuky","status":"publish","type":"page","link":"https:\/\/motorr.sk\/mercedes\/zvyhodnene_ponuky\/","title":{"rendered":"Zv\u00fdhodnen\u00e9 ponuky"},"content":{"rendered":"<div style=\"height: 45px;\" class=\"component-spacer-d\"><\/div>\n<div style=\"height: 24px;\" class=\"component-spacer-m\"><\/div>\n\n\n  <section class=\"cta-grid\">\n    <div class=\"container\">\n      <div class=\"row\" style=\"justify-content: center;\">\n        <div class=\"col-10 col-md-12\">\n                      <h2 class=\"component-heading\">\n              Aktu\u00e1lne zv\u00fdhodnen\u00e9 ponuky            <\/h2>\n                    <div class=\"cta-grid-wrap-inner\"><div class=\"cta-section \" style=\"background: center\/cover no-repeat url(https:\/\/motorr.sk\/mercedes\/wp-content\/uploads\/sites\/3\/2026\/03\/C.P.BH_.X540_PAD_BEV_SocialStill_EXT-High-front-3-4-top-down_9-16_plate-DE_RGB-683x1214.jpg);\"><h3>Zv\u00fdhodnen\u00e9 ponuky pre osobn\u00e9 vozidl\u00e1<\/h3><p>Vozidl\u00e1 Mercedes-Benz s bohat\u00fdmi benefitmi<\/p><div class=\"button-wrap\"><a class=\"link\" href=\"\/mercedes\/zvyhodnene-ponuky-osobnych-vozidiel\/\">Zobrazi\u0165 ponuky<\/a><\/div><\/div><div class=\"cta-section \" style=\"background: center\/cover no-repeat url(https:\/\/motorr.sk\/mercedes\/wp-content\/uploads\/sites\/3\/2026\/03\/prehliadka-683x683.jpg);\"><h3>Servisn\u00e9 ponuky<\/h3><p>\u0160irok\u00e1 ponuka sez\u00f3nnych aj celoro\u010dn\u00fdch servisn\u00fdch pon\u00fak pre v\u00e1\u0161 Mercedes-Benz<\/p><div class=\"button-wrap\"><a class=\"link\" href=\"\/mercedes\/servis\/\">Zobrazi\u0165 ponuky<\/a><\/div><\/div><div class=\"cta-section \" style=\"background: center\/cover no-repeat url(https:\/\/motorr.sk\/mercedes\/wp-content\/uploads\/sites\/3\/2026\/03\/Vans-7-683x853.jpg);\"><h3>Zv\u00fdhodnen\u00e9 ponuky \u00fa\u017eitkov\u00fdch vozidiel<\/h3><p>Vany presne prisp\u00f4soben\u00e9 v\u00e1\u0161mu podnikaniu<\/p><div class=\"button-wrap\"><a class=\"link\" href=\"https:\/\/motorr.sk\/mercedes\/zvyhodnene-ponuky-uzitkovych-vozidiel\/\">Zobrazi\u0165 ponuky<\/a><\/div><\/div><\/div>        <\/div>\n      <\/div>\n    <\/div>\n  <\/section>\n  <script>\n    function openPopup() {\n      \/\/ Show the popup in same section as the button that was clicked\n      event.target.closest(\".cta-section\").querySelectorAll(\".cta-grid-popup\").forEach(popup => {\n        popup.style.display = \"block\";\n      });\n      \/\/body overflow hidden when popup is open\n      document.body.style.overflow = \"hidden\";\n    }\n\n    function closePopup() {\n      document.querySelectorAll(\".cta-grid-popup\").forEach(popup => {\n        popup.style.display = \"none\";\n        \/\/body overflow auto when popup is closed\n        document.body.style.overflow = \"auto\";\n      });\n    }\n  <\/script>\n\n\n<div style=\"height: 45px;\" class=\"component-spacer-d\"><\/div>\n<div style=\"height: 24px;\" class=\"component-spacer-m\"><\/div>\n\n\n<div style=\"height: 45px;\" class=\"component-spacer-d\"><\/div>\n<div style=\"height: 24px;\" class=\"component-spacer-m\"><\/div>\n\n\n<section  class=\"car-contact-section\">\n  <div class=\"container\">\n    <div class=\"row\">\n      <div class=\"col-12 contact-main-wrap\">\n        <div class=\"main-contact\">\n          <h2><\/h2>\n                        <div class=\"dealer-contact\">\n                <h3 class=\"dealer-name\">\u017dilina<\/h3>\n                <div class=\"dealer-wrap\">\n                  <div class=\"dealer-main\">\n                                          <a href=\"tel:+421 41 701 0100\" class=\"dealer-phone\">+421 41 701 0100<\/a>\n                                                              <a href=\"mailto:info.zilina@motorr.sk\" class=\"dealer-email\">info.zilina@motorr.sk<\/a>\n                                      <\/div>\n                  <div class=\"dealer-address\">\n                                          <p class=\"dealer-address\">Rosinsk\u00e1 cesta 8446\/5 \r\n010 08 \u017dilina<\/p>\n                                      <\/div>\n                <\/div>\n              <\/div>\n                        <div class=\"dealer-contact\">\n                <h3 class=\"dealer-name\">Martin<\/h3>\n                <div class=\"dealer-wrap\">\n                  <div class=\"dealer-main\">\n                                          <a href=\"tel:+421 43 42 45 554\" class=\"dealer-phone\">+421 43 42 45 554<\/a>\n                                                              <a href=\"mailto:info.martin@motorr.sk\" class=\"dealer-email\">info.martin@motorr.sk<\/a>\n                                      <\/div>\n                  <div class=\"dealer-address\">\n                                          <p class=\"dealer-address\">Franc\u00fazskych partiz\u00e1nov 5831 \r\n036 08 Martin<\/p>\n                                      <\/div>\n                <\/div>\n              <\/div>\n                  <\/div>\n        <div id=\"contact-form\" class=\"contact-form-wrap\">\n          <h2><\/h2>\n          \n<div class=\"wpcf7 no-js\" id=\"wpcf7-f162-o1\" lang=\"sk-SK\" dir=\"ltr\" data-wpcf7-id=\"162\">\n<div class=\"screen-reader-response\"><p role=\"status\" aria-live=\"polite\" aria-atomic=\"true\"><\/p> <ul><\/ul><\/div>\n<form action=\"\/mercedes\/wp-json\/wp\/v2\/pages\/3362#wpcf7-f162-o1\" method=\"post\" class=\"wpcf7-form init\" aria-label=\"Kontaktn\u00fd formul\u00e1r\" novalidate=\"novalidate\" data-status=\"init\">\n<fieldset class=\"hidden-fields-container\"><input type=\"hidden\" name=\"_wpcf7\" value=\"162\" \/><input type=\"hidden\" name=\"_wpcf7_version\" value=\"6.1.4\" \/><input type=\"hidden\" name=\"_wpcf7_locale\" value=\"sk_SK\" \/><input type=\"hidden\" name=\"_wpcf7_unit_tag\" value=\"wpcf7-f162-o1\" \/><input type=\"hidden\" name=\"_wpcf7_container_post\" value=\"0\" \/><input type=\"hidden\" name=\"_wpcf7_posted_data_hash\" value=\"\" \/>\n<\/fieldset>\n<div class=\"forminput full\">\n\t<p><label class=\"inplace-label\" for=\"your-name\">Meno a priezvisko<\/label><br \/>\n<span class=\"wpcf7-form-control-wrap\" data-name=\"your-name\"><input size=\"40\" maxlength=\"400\" class=\"wpcf7-form-control wpcf7-text wpcf7-validates-as-required\" autocomplete=\"name\" aria-required=\"true\" aria-invalid=\"false\" placeholder=\"Meno a priezvisko *\" value=\"\" type=\"text\" name=\"your-name\" \/><\/span>\n\t<\/p>\n<\/div>\n<div class=\"forminput half\">\n\t<p><label class=\"inplace-label\" for=\"your-email\">Email *<\/label><br \/>\n<span class=\"wpcf7-form-control-wrap\" data-name=\"your-email\"><input size=\"40\" maxlength=\"400\" class=\"wpcf7-form-control wpcf7-email wpcf7-validates-as-required wpcf7-text wpcf7-validates-as-email\" autocomplete=\"email\" aria-required=\"true\" aria-invalid=\"false\" placeholder=\"Email *\" value=\"\" type=\"email\" name=\"your-email\" \/><\/span>\n\t<\/p>\n<\/div>\n<div class=\"forminput half\">\n\t<p><label class=\"inplace-label\" for=\"your-tel\">Telef\u00f3nne \u010d\u00edslo<\/label><br \/>\n<span class=\"wpcf7-form-control-wrap\" data-name=\"your-tel\"><input size=\"40\" maxlength=\"400\" class=\"wpcf7-form-control wpcf7-tel wpcf7-text wpcf7-validates-as-tel\" autocomplete=\"tel\" aria-invalid=\"false\" placeholder=\"Telef\u00f3nne \u010d\u00edslo\" value=\"\" type=\"tel\" name=\"your-tel\" \/><\/span>\n\t<\/p>\n<\/div>\n<div class=\"forminput full\">\n\t<p><label class=\"inplace-label\" for=\"your-message\">Pozn\u00e1mka<\/label><br \/>\n<span class=\"wpcf7-form-control-wrap\" data-name=\"your-message\"><textarea cols=\"40\" rows=\"3\" maxlength=\"2000\" class=\"wpcf7-form-control wpcf7-textarea\" aria-invalid=\"false\" placeholder=\"Pozn\u00e1mka\" name=\"your-message\"><\/textarea><\/span>\n\t<\/p>\n<\/div>\n<div class=\"forminput full\">\n\t<p><small>Ozna\u010den\u00edm &#8222;S\u00fahlas\u00edm so spracovan\u00edm osobn\u00fdch \u00fadajov&#8220; d\u00e1vam s\u00fahlas na zasielanie pozv\u00e1nok na predv\u00e1dzacie jazdy, autosal\u00f3ny a in\u00e9 podobn\u00e9 podujatia. Z\u00e1rove\u0148 m\u00e1m z\u00e1ujem o z\u00edskavanie inform\u00e1ci\u00ed o novink\u00e1ch zo sveta motorizmu, \u0161peci\u00e1lnych ponuk\u00e1ch alebo zv\u00fdhodneniach, predstaveniach nov\u00fdch modelov, zasielaniach newsletterov a marketingov\u00fdch aktiv\u00edt pre klientov t\u00fdkaj\u00facich sa predaja, popredajn\u00fdch a in\u00fdch poskytovan\u00fdch slu\u017eieb.<\/small>\n\t<\/p>\n<\/div>\n<div class=\"forminput full\">\n\t<p><span class=\"wpcf7-form-control-wrap\" data-name=\"acceptance-430\"><span class=\"wpcf7-form-control wpcf7-acceptance\"><span class=\"wpcf7-list-item\"><label><input type=\"checkbox\" name=\"acceptance-430\" value=\"1\" aria-invalid=\"false\" \/><span class=\"wpcf7-list-item-label\">S\u00fahlas\u00edm so <a href=\"https:\/\/motorr.sk\/mercedes\/ochrana-osobnych-udajov\/\" target=\"_blank\">spracovan\u00edm osobn\u00fdch \u00fadajov<\/a><\/span><\/label><\/span><\/span><\/span>\n\t<\/p>\n<\/div>\n<div class=\"forminput full\">\n\t<p><input class=\"wpcf7-form-control wpcf7-submit has-spinner\" type=\"submit\" value=\"Odosla\u0165 dopyt\" \/>\n\t<\/p>\n<\/div><div class=\"wpcf7-response-output\" aria-hidden=\"true\"><\/div>\n<\/form>\n<\/div>\n        <\/div>\n      <\/div>\n    <\/div>\n  <\/div>\n<\/section>\n\n<div style=\"height: 45px;\" class=\"component-spacer-d\"><\/div>\n<div style=\"height: 24px;\" class=\"component-spacer-m\"><\/div>\n","protected":false},"excerpt":{"rendered":"","protected":false},"author":4,"featured_media":236,"parent":0,"menu_order":0,"comment_status":"closed","ping_status":"closed","template":"","meta":{"inline_featured_image":false,"footnotes":""},"class_list":["post-3362","page","type-page","status-publish","has-post-thumbnail","hentry"],"yoast_head":"<!-- This site is optimized with the Yoast SEO plugin v26.7 - https:\/\/yoast.com\/wordpress\/plugins\/seo\/ -->\n<title>Zv\u00fdhodnen\u00e9 ponuky - Mercedes-Benz<\/title>\n<meta name=\"robots\" content=\"index, follow, max-snippet:-1, max-image-preview:large, max-video-preview:-1\" \/>\n<link rel=\"canonical\" href=\"https:\/\/motorr.sk\/mercedes\/zvyhodnene_ponuky\/\" \/>\n<meta property=\"og:locale\" content=\"sk_SK\" \/>\n<meta property=\"og:type\" content=\"article\" \/>\n<meta property=\"og:title\" content=\"Zv\u00fdhodnen\u00e9 ponuky - Mercedes-Benz\" \/>\n<meta property=\"og:url\" content=\"https:\/\/motorr.sk\/mercedes\/zvyhodnene_ponuky\/\" \/>\n<meta property=\"og:site_name\" content=\"Mercedes-Benz\" \/>\n<meta property=\"article:modified_time\" content=\"2026-03-31T11:26:26+00:00\" \/>\n<meta property=\"og:image\" content=\"https:\/\/motorr.sk\/mercedes\/wp-content\/uploads\/sites\/3\/2026\/01\/9361caf019da47bd058662e493b56cc587763536.webp\" \/>\n\t<meta property=\"og:image:width\" content=\"2340\" \/>\n\t<meta property=\"og:image:height\" content=\"1560\" \/>\n\t<meta property=\"og:image:type\" content=\"image\/webp\" \/>\n<meta name=\"twitter:card\" content=\"summary_large_image\" \/>\n<meta name=\"twitter:label1\" content=\"Predpokladan\u00fd \u010das \u010d\u00edtania\" \/>\n\t<meta name=\"twitter:data1\" content=\"1 min\u00fata\" \/>\n<script type=\"application\/ld+json\" class=\"yoast-schema-graph\">{\"@context\":\"https:\/\/schema.org\",\"@graph\":[{\"@type\":\"WebPage\",\"@id\":\"https:\/\/motorr.sk\/mercedes\/zvyhodnene_ponuky\/\",\"url\":\"https:\/\/motorr.sk\/mercedes\/zvyhodnene_ponuky\/\",\"name\":\"Zv\u00fdhodnen\u00e9 ponuky - Mercedes-Benz\",\"isPartOf\":{\"@id\":\"https:\/\/motorr.sk\/mercedes\/#website\"},\"primaryImageOfPage\":{\"@id\":\"https:\/\/motorr.sk\/mercedes\/zvyhodnene_ponuky\/#primaryimage\"},\"image\":{\"@id\":\"https:\/\/motorr.sk\/mercedes\/zvyhodnene_ponuky\/#primaryimage\"},\"thumbnailUrl\":\"https:\/\/motorr.sk\/mercedes\/wp-content\/uploads\/sites\/3\/2026\/01\/9361caf019da47bd058662e493b56cc587763536.webp\",\"datePublished\":\"2026-03-30T12:03:00+00:00\",\"dateModified\":\"2026-03-31T11:26:26+00:00\",\"breadcrumb\":{\"@id\":\"https:\/\/motorr.sk\/mercedes\/zvyhodnene_ponuky\/#breadcrumb\"},\"inLanguage\":\"sk-SK\",\"potentialAction\":[{\"@type\":\"ReadAction\",\"target\":[\"https:\/\/motorr.sk\/mercedes\/zvyhodnene_ponuky\/\"]}]},{\"@type\":\"ImageObject\",\"inLanguage\":\"sk-SK\",\"@id\":\"https:\/\/motorr.sk\/mercedes\/zvyhodnene_ponuky\/#primaryimage\",\"url\":\"https:\/\/motorr.sk\/mercedes\/wp-content\/uploads\/sites\/3\/2026\/01\/9361caf019da47bd058662e493b56cc587763536.webp\",\"contentUrl\":\"https:\/\/motorr.sk\/mercedes\/wp-content\/uploads\/sites\/3\/2026\/01\/9361caf019da47bd058662e493b56cc587763536.webp\",\"width\":2340,\"height\":1560},{\"@type\":\"BreadcrumbList\",\"@id\":\"https:\/\/motorr.sk\/mercedes\/zvyhodnene_ponuky\/#breadcrumb\",\"itemListElement\":[{\"@type\":\"ListItem\",\"position\":1,\"name\":\"Hlavn\u00e1 str\u00e1nka\",\"item\":\"https:\/\/motorr.sk\/mercedes\/\"},{\"@type\":\"ListItem\",\"position\":2,\"name\":\"Zv\u00fdhodnen\u00e9 ponuky\"}]},{\"@type\":\"WebSite\",\"@id\":\"https:\/\/motorr.sk\/mercedes\/#website\",\"url\":\"https:\/\/motorr.sk\/mercedes\/\",\"name\":\"Mercedes-Benz\",\"description\":\"\",\"potentialAction\":[{\"@type\":\"SearchAction\",\"target\":{\"@type\":\"EntryPoint\",\"urlTemplate\":\"https:\/\/motorr.sk\/mercedes\/?s={search_term_string}\"},\"query-input\":{\"@type\":\"PropertyValueSpecification\",\"valueRequired\":true,\"valueName\":\"search_term_string\"}}],\"inLanguage\":\"sk-SK\"}]}<\/script>\n<!-- \/ Yoast SEO plugin. -->","yoast_head_json":{"title":"Zv\u00fdhodnen\u00e9 ponuky - Mercedes-Benz","robots":{"index":"index","follow":"follow","max-snippet":"max-snippet:-1","max-image-preview":"max-image-preview:large","max-video-preview":"max-video-preview:-1"},"canonical":"https:\/\/motorr.sk\/mercedes\/zvyhodnene_ponuky\/","og_locale":"sk_SK","og_type":"article","og_title":"Zv\u00fdhodnen\u00e9 ponuky - Mercedes-Benz","og_url":"https:\/\/motorr.sk\/mercedes\/zvyhodnene_ponuky\/","og_site_name":"Mercedes-Benz","article_modified_time":"2026-03-31T11:26:26+00:00","og_image":[{"width":2340,"height":1560,"url":"https:\/\/motorr.sk\/mercedes\/wp-content\/uploads\/sites\/3\/2026\/01\/9361caf019da47bd058662e493b56cc587763536.webp","type":"image\/webp"}],"twitter_card":"summary_large_image","twitter_misc":{"Predpokladan\u00fd \u010das \u010d\u00edtania":"1 min\u00fata"},"schema":{"@context":"https:\/\/schema.org","@graph":[{"@type":"WebPage","@id":"https:\/\/motorr.sk\/mercedes\/zvyhodnene_ponuky\/","url":"https:\/\/motorr.sk\/mercedes\/zvyhodnene_ponuky\/","name":"Zv\u00fdhodnen\u00e9 ponuky - Mercedes-Benz","isPartOf":{"@id":"https:\/\/motorr.sk\/mercedes\/#website"},"primaryImageOfPage":{"@id":"https:\/\/motorr.sk\/mercedes\/zvyhodnene_ponuky\/#primaryimage"},"image":{"@id":"https:\/\/motorr.sk\/mercedes\/zvyhodnene_ponuky\/#primaryimage"},"thumbnailUrl":"https:\/\/motorr.sk\/mercedes\/wp-content\/uploads\/sites\/3\/2026\/01\/9361caf019da47bd058662e493b56cc587763536.webp","datePublished":"2026-03-30T12:03:00+00:00","dateModified":"2026-03-31T11:26:26+00:00","breadcrumb":{"@id":"https:\/\/motorr.sk\/mercedes\/zvyhodnene_ponuky\/#breadcrumb"},"inLanguage":"sk-SK","potentialAction":[{"@type":"ReadAction","target":["https:\/\/motorr.sk\/mercedes\/zvyhodnene_ponuky\/"]}]},{"@type":"ImageObject","inLanguage":"sk-SK","@id":"https:\/\/motorr.sk\/mercedes\/zvyhodnene_ponuky\/#primaryimage","url":"https:\/\/motorr.sk\/mercedes\/wp-content\/uploads\/sites\/3\/2026\/01\/9361caf019da47bd058662e493b56cc587763536.webp","contentUrl":"https:\/\/motorr.sk\/mercedes\/wp-content\/uploads\/sites\/3\/2026\/01\/9361caf019da47bd058662e493b56cc587763536.webp","width":2340,"height":1560},{"@type":"BreadcrumbList","@id":"https:\/\/motorr.sk\/mercedes\/zvyhodnene_ponuky\/#breadcrumb","itemListElement":[{"@type":"ListItem","position":1,"name":"Hlavn\u00e1 str\u00e1nka","item":"https:\/\/motorr.sk\/mercedes\/"},{"@type":"ListItem","position":2,"name":"Zv\u00fdhodnen\u00e9 ponuky"}]},{"@type":"WebSite","@id":"https:\/\/motorr.sk\/mercedes\/#website","url":"https:\/\/motorr.sk\/mercedes\/","name":"Mercedes-Benz","description":"","potentialAction":[{"@type":"SearchAction","target":{"@type":"EntryPoint","urlTemplate":"https:\/\/motorr.sk\/mercedes\/?s={search_term_string}"},"query-input":{"@type":"PropertyValueSpecification","valueRequired":true,"valueName":"search_term_string"}}],"inLanguage":"sk-SK"}]}},"card_html":"","_links":{"self":[{"href":"https:\/\/motorr.sk\/mercedes\/wp-json\/wp\/v2\/pages\/3362","targetHints":{"allow":["GET"]}}],"collection":[{"href":"https:\/\/motorr.sk\/mercedes\/wp-json\/wp\/v2\/pages"}],"about":[{"href":"https:\/\/motorr.sk\/mercedes\/wp-json\/wp\/v2\/types\/page"}],"author":[{"embeddable":true,"href":"https:\/\/motorr.sk\/mercedes\/wp-json\/wp\/v2\/users\/4"}],"replies":[{"embeddable":true,"href":"https:\/\/motorr.sk\/mercedes\/wp-json\/wp\/v2\/comments?post=3362"}],"version-history":[{"count":4,"href":"https:\/\/motorr.sk\/mercedes\/wp-json\/wp\/v2\/pages\/3362\/revisions"}],"predecessor-version":[{"id":3368,"href":"https:\/\/motorr.sk\/mercedes\/wp-json\/wp\/v2\/pages\/3362\/revisions\/3368"}],"wp:featuredmedia":[{"embeddable":true,"href":"https:\/\/motorr.sk\/mercedes\/wp-json\/wp\/v2\/media\/236"}],"wp:attachment":[{"href":"https:\/\/motorr.sk\/mercedes\/wp-json\/wp\/v2\/media?parent=3362"}],"curies":[{"name":"wp","href":"https:\/\/api.w.org\/{rel}","templated":true}]}}